{"id":23,"date":"2016-04-15T22:07:38","date_gmt":"2016-04-15T20:07:38","guid":{"rendered":"http:\/\/www.asc-emmerichshofen.de\/asc\/?page_id=23"},"modified":"2022-07-01T08:58:04","modified_gmt":"2022-07-01T06:58:04","slug":"fotogalerie","status":"publish","type":"page","link":"https:\/\/www.asc-emmerichshofen.de\/asc\/fotogalerie\/","title":{"rendered":"Galerie"},"content":{"rendered":"<p>Auf unserer Bildergalerie m\u00f6chte wir allen\u00a0Interessierten einen kleinen Einblick,<br \/>\n\u00fcber unseren Angel-Sport-Club Emmerichshofen geben.<\/p>\n<h1>Impressionen Schlosssee, verschiedene <a href=\"https:\/\/www.asc-emmerichshofen.de\/asc\/schlosssee-bilder\/schlossseebilder.html\" target=\"_blank\" rel=\"noopener\">Wetterlagen<\/a> am See<\/h1>\n<p><a href=\"https:\/\/www.asc-emmerichshofen.de\/asc\/schlosssee-bilder\/schlossseebilder.html\" target=\"_blank\" rel=\"noopener\"><img decoding=\"async\" loading=\"lazy\" class=\"alignnone  wp-image-664\" src=\"https:\/\/www.asc-emmerichshofen.de\/asc\/wp-content\/uploads\/2022\/07\/Sonnenuntergang_schlosssee_alexander.jpg\" alt=\"\" width=\"367\" height=\"274\" srcset=\"https:\/\/www.asc-emmerichshofen.de\/asc\/wp-content\/uploads\/2022\/07\/Sonnenuntergang_schlosssee_alexander.jpg 1600w, https:\/\/www.asc-emmerichshofen.de\/asc\/wp-content\/uploads\/2022\/07\/Sonnenuntergang_schlosssee_alexander-300x224.jpg 300w, https:\/\/www.asc-emmerichshofen.de\/asc\/wp-content\/uploads\/2022\/07\/Sonnenuntergang_schlosssee_alexander-1536x1149.jpg 1536w, https:\/\/www.asc-emmerichshofen.de\/asc\/wp-content\/uploads\/2022\/07\/Sonnenuntergang_schlosssee_alexander-401x300.jpg 401w\" sizes=\"(max-width: 367px) 100vw, 367px\" \/><\/a><\/p>\n<h1>Sch\u00f6ne Einblicke \u00fcber unser Angelgew\u00e4sser <a href=\"https:\/\/www.asc-emmerichshofen.de\/asc\/Schloss\/schlosssee.html\" target=\"_blank\" rel=\"noopener noreferrer\">&#8222;Der Schlosssee&#8220;<\/a><\/h1>\n<p><a href=\"https:\/\/www.asc-emmerichshofen.de\/asc\/Schloss\/schlosssee.html\" target=\"_blank\" rel=\"noopener noreferrer\"><img decoding=\"async\" loading=\"lazy\" class=\"alignnone wp-image-81\" src=\"https:\/\/www.asc-emmerichshofen.de\/asc\/wp-content\/uploads\/2016\/04\/Dsc00001.jpg\" alt=\"Dsc00001\" width=\"360\" height=\"270\" srcset=\"https:\/\/www.asc-emmerichshofen.de\/asc\/wp-content\/uploads\/2016\/04\/Dsc00001.jpg 1280w, https:\/\/www.asc-emmerichshofen.de\/asc\/wp-content\/uploads\/2016\/04\/Dsc00001-300x225.jpg 300w, https:\/\/www.asc-emmerichshofen.de\/asc\/wp-content\/uploads\/2016\/04\/Dsc00001-400x300.jpg 400w\" sizes=\"(max-width: 360px) 100vw, 360px\" \/><\/a><\/p>\n<h1>Hier Einblicke \u00fcber <a href=\"https:\/\/www.asc-emmerichshofen.de\/asc\/Fischbilder\/Fotogalerie-fische.html\" target=\"_blank\" rel=\"noopener noreferrer\">F\u00e4nge<\/a> aus unserem See<\/h1>\n<p><a href=\"https:\/\/www.asc-emmerichshofen.de\/asc\/Fischbilder\/Fotogalerie-fische.html\" target=\"_blank\" rel=\"noopener\"><img decoding=\"async\" loading=\"lazy\" class=\"alignnone  wp-image-644\" src=\"https:\/\/www.asc-emmerichshofen.de\/asc\/wp-content\/uploads\/2022\/04\/NEU_kolasche_Schlosssee.jpg\" alt=\"\" width=\"412\" height=\"291\" srcset=\"https:\/\/www.asc-emmerichshofen.de\/asc\/wp-content\/uploads\/2022\/04\/NEU_kolasche_Schlosssee.jpg 1600w, https:\/\/www.asc-emmerichshofen.de\/asc\/wp-content\/uploads\/2022\/04\/NEU_kolasche_Schlosssee-300x212.jpg 300w, https:\/\/www.asc-emmerichshofen.de\/asc\/wp-content\/uploads\/2022\/04\/NEU_kolasche_Schlosssee-1536x1087.jpg 1536w, https:\/\/www.asc-emmerichshofen.de\/asc\/wp-content\/uploads\/2022\/04\/NEU_kolasche_Schlosssee-424x300.jpg 424w\" sizes=\"(max-width: 412px) 100vw, 412px\" \/><\/a><\/p>\n<p>Impressionen <a href=\"https:\/\/www.asc-emmerichshofen.de\/asc\/Impressionen_Anangeln\/anangeln.html\" target=\"_blank\" rel=\"noopener noreferrer\">Anangeln<\/a><\/p>\n<p><a href=\"https:\/\/www.asc-emmerichshofen.de\/asc\/Impressionen_Anangeln\/anangeln.html\" target=\"_blank\" rel=\"noopener noreferrer\"><img decoding=\"async\" loading=\"lazy\" class=\"alignnone wp-image-202\" src=\"https:\/\/www.asc-emmerichshofen.de\/asc\/wp-content\/uploads\/2016\/04\/Anfischen-3S3Q8549.jpg\" alt=\"Anfischen-3S3Q8549\" width=\"360\" height=\"240\" \/><\/a><\/p>\n","protected":false},"excerpt":{"rendered":"<p>Auf unserer Bildergalerie m\u00f6chte wir allen\u00a0Interessierten einen kleinen Einblick, \u00fcber unseren Angel-Sport-Club Emmerichshofen geben. Impressionen Schlosssee, verschiedene Wetterlagen am See Sch\u00f6ne Einblicke \u00fcber unser Angelgew\u00e4sser &#8222;Der Schlosssee&#8220; Hier Einblicke \u00fcber F\u00e4nge aus unserem See Impressionen Anangeln<\/p>\n","protected":false},"author":1,"featured_media":0,"parent":0,"menu_order":0,"comment_status":"closed","ping_status":"closed","template":"","meta":{"ngg_post_thumbnail":0,"_links_to":"","_links_to_target":""},"_links":{"self":[{"href":"https:\/\/www.asc-emmerichshofen.de\/asc\/wp-json\/wp\/v2\/pages\/23"}],"collection":[{"href":"https:\/\/www.asc-emmerichshofen.de\/asc\/wp-json\/wp\/v2\/pages"}],"about":[{"href":"https:\/\/www.asc-emmerichshofen.de\/asc\/wp-json\/wp\/v2\/types\/page"}],"author":[{"embeddable":true,"href":"https:\/\/www.asc-emmerichshofen.de\/asc\/wp-json\/wp\/v2\/users\/1"}],"replies":[{"embeddable":true,"href":"https:\/\/www.asc-emmerichshofen.de\/asc\/wp-json\/wp\/v2\/comments?post=23"}],"version-history":[{"count":15,"href":"https:\/\/www.asc-emmerichshofen.de\/asc\/wp-json\/wp\/v2\/pages\/23\/revisions"}],"predecessor-version":[{"id":669,"href":"https:\/\/www.asc-emmerichshofen.de\/asc\/wp-json\/wp\/v2\/pages\/23\/revisions\/669"}],"wp:attachment":[{"href":"https:\/\/www.asc-emmerichshofen.de\/asc\/wp-json\/wp\/v2\/media?parent=23"}],"curies":[{"name":"wp","href":"https:\/\/api.w.org\/{rel}","templated":true}]}}