{"id":26,"date":"2016-04-15T22:09:21","date_gmt":"2016-04-15T20:09:21","guid":{"rendered":"http:\/\/www.asc-emmerichshofen.de\/asc\/?page_id=26"},"modified":"2023-04-15T11:31:05","modified_gmt":"2023-04-15T09:31:05","slug":"impressum","status":"publish","type":"page","link":"https:\/\/www.asc-emmerichshofen.de\/asc\/impressum\/","title":{"rendered":"Impressum"},"content":{"rendered":"<p><em>Angel-Sport-Club Emmerichshofen e.V. Gro\u00dfkrotzenburg<\/em><br \/>\nRegisternummer: VR 1316<\/p>\n<p><u>Anschrift:<\/u><br \/>\nSchlo\u00df Emmerichshofen<br \/>\n63796 Kahl a. Main<br \/>\nDeutschland<\/p>\n<p>fon: ++49 (0)6188 &#8211; 3847<br \/>\nmail: asc-info[at]asc-emmerichshofen.de<\/p>\n<p><u>Ansprechpartner: <\/u><br \/>\nWebmaster<br \/>\nStefan Spilok<br \/>\nfon: ++49 (0)175 &#8211; 65 0 11 03<br \/>\nMail: webmaster[at]asc-emmerichshofen.de<\/p>\n<p>Copyright-Informationen<\/p>\n<p>Das Material auf unserer Homepage ist durch den Angel-Sport-Club Emmerichshofen urheberrechtlich gesch\u00fctzt. Alle Rechte vorbehalten. Die nachstehenden Bedingungen sowie andere f\u00fcr das Internet oder das World Wide Webbestehenden Gesetze oder Bestimmungen gelten f\u00fcr alle Benutzer und Besucher dieser Website. Sie d\u00fcrfen keine Inhalte der Website ohne schriftliche Genehmigung des Angel-Sport-Club Emmerichshofen f\u00fcr \u00f6ffentliche oder gewerbliche Zwecke vertreiben, ver\u00e4ndern, \u00fcbertragen, neu bereitstellen oder anderweitig benutzen. Ihr Zugriff auf die Homepage und deren Benutzung unterliegen ebenfalls den nachstehenden Bedingungen und den geltenden Gesetzen. Durch den Zugriff und Ihren Besuch der Homepage akzeptieren Sie ohne Einschr\u00e4nkung oder Vorbehalt die Bedingungen und erkennen an, dass sonstige Vereinbarungen zwischen Ihnen und des Angel-Sport-Club Emmerichshofen bez\u00fcglich des Gegenstands dadurch ersetzt werden.<\/p>\n<p>Bedingungen der Nutzung der Homepage<br \/>\n1. Wir halten die Inhalte nach besten Kr\u00e4ften auf dem jeweils aktuellen Stand, \u00fcbernehmen jedoch keine Haftung f\u00fcr die Richtigkeit der bereitgestellten Informationen. Es werden daher keine Zusicherungen abgegeben und keinerlei Gew\u00e4hrleistung und Haftung f\u00fcr die Richtigkeit der bereitgestellten Informationen \u00fcbernommen.<\/p>\n<ol start=\"2\">\n<li>Der widerrechtliche Gebrauch der Bilder auf dieser Homepage kann Urheberrechte, Markenrechte, Pers\u00f6nlichkeits- oder Publizit\u00e4tsrechte und gesetzliche Wiedergabevorschriften und -bestimmungen verletzen.<\/li>\n<li>Die auf dieser Homepage gezeigten Schutzmarken stellen geistiges Eigentum der jeweiligen Eigent\u00fcmer dar. Ohne schriftliche Vereinbarung werden von dem Angel-Sport-Club Emmerichshofen oder Dritten, deren geistiges Eigentum auf der Homepage angezeigt wird, an Inhalten der Website keinerlei Rechte gew\u00e4hrt. Die Benutzung der auf der Homepage angezeigten Schutzmarken oder sonstiger Inhalte zu anderen, als in den vorgenannten Bedingungen genannten Zwecken, ist untersagt.<\/li>\n<\/ol>\n<p>4. Diese Website enth\u00e4lt eventuell Links zu externen Websites. Der Besuch dieser Websites geschieht auf Risiko des Besuchers. Wir \u00fcbernehmen keine Haftung f\u00fcr die<\/p>\n<p>Inhalte externer Links. F\u00fcr den Inhalt der verlinkten Seiten sind ausschlie\u00dflich deren Betreiber verantwortlich.<\/p>\n<ol start=\"5\">\n<li>Der Zugang zu passwortgesch\u00fctzten oder anderweitig gesicherten Bereichen ist ausschlie\u00dflich f\u00fcr autorisierte Anwender erlaubt. Wir behalten uns rechtlich Schritte gegen Personen vor, die ohne ausdr\u00fcckliche Erlaubnis versuchen, sich Zugang zu diesen Bereichen zu verschaffen.<\/li>\n<li>Der Angel-Sport-Club Emmerichshofen beh\u00e4lt sich jederzeit das Recht vor, diese vorliegenden Bedingungen zu aktualisieren oder zu \u00e4ndern. Der Besucher ist an die jeweils g\u00fcltige und aktuelle Fassung gebunden. Wir empfehlen daher in regelm\u00e4\u00dfigen Abst\u00e4nden diese Seite aufrufen.<\/li>\n<\/ol>\n<p>Copyright \u00a9 2023 Angel-Sport-Club Emmerichshofen + Netzwerke. Alle Rechte vorbehalten.<\/p>\n","protected":false},"excerpt":{"rendered":"<p>Angel-Sport-Club Emmerichshofen e.V. Gro\u00dfkrotzenburg Registernummer: VR 1316 Anschrift: Schlo\u00df Emmerichshofen 63796 Kahl a. Main Deutschland fon: ++49 (0)6188 &#8211; 3847 mail: asc-info[at]asc-emmerichshofen.de Ansprechpartner: Webmaster Stefan Spilok fon: ++49 (0)175 &#8211; 65 0 11 03 Mail: webmaster[at]asc-emmerichshofen.de Copyright-Informationen Das Material auf &hellip; <a href=\"https:\/\/www.asc-emmerichshofen.de\/asc\/impressum\/\">Weiterlesen <span class=\"meta-nav\">&rarr;<\/span><\/a><\/p>\n","protected":false},"author":1,"featured_media":0,"parent":0,"menu_order":0,"comment_status":"closed","ping_status":"closed","template":"","meta":{"ngg_post_thumbnail":0,"_links_to":"","_links_to_target":""},"_links":{"self":[{"href":"https:\/\/www.asc-emmerichshofen.de\/asc\/wp-json\/wp\/v2\/pages\/26"}],"collection":[{"href":"https:\/\/www.asc-emmerichshofen.de\/asc\/wp-json\/wp\/v2\/pages"}],"about":[{"href":"https:\/\/www.asc-emmerichshofen.de\/asc\/wp-json\/wp\/v2\/types\/page"}],"author":[{"embeddable":true,"href":"https:\/\/www.asc-emmerichshofen.de\/asc\/wp-json\/wp\/v2\/users\/1"}],"replies":[{"embeddable":true,"href":"https:\/\/www.asc-emmerichshofen.de\/asc\/wp-json\/wp\/v2\/comments?post=26"}],"version-history":[{"count":5,"href":"https:\/\/www.asc-emmerichshofen.de\/asc\/wp-json\/wp\/v2\/pages\/26\/revisions"}],"predecessor-version":[{"id":729,"href":"https:\/\/www.asc-emmerichshofen.de\/asc\/wp-json\/wp\/v2\/pages\/26\/revisions\/729"}],"wp:attachment":[{"href":"https:\/\/www.asc-emmerichshofen.de\/asc\/wp-json\/wp\/v2\/media?parent=26"}],"curies":[{"name":"wp","href":"https:\/\/api.w.org\/{rel}","templated":true}]}}