{"id":29,"date":"2016-04-15T22:12:08","date_gmt":"2016-04-15T20:12:08","guid":{"rendered":"http:\/\/www.asc-emmerichshofen.de\/asc\/?page_id=29"},"modified":"2020-12-14T08:29:16","modified_gmt":"2020-12-14T07:29:16","slug":"geschichte","status":"publish","type":"page","link":"https:\/\/www.asc-emmerichshofen.de\/asc\/geschichte\/","title":{"rendered":"Geschichte"},"content":{"rendered":"<p>Geschichte des Angel Sport Club Emmerichshofen 1974 e.V.<\/p>\n<p>Unser Club wurde 1974 von f\u00fcnf Angelsportfreunden unter Federf\u00fchrung von Horst Fischer, dem danach langj\u00e4hrigen 1. Vorsitzenden, gegr\u00fcndet.<br \/>\nNach etlichen Jahren unter dieser Leitung trat Horst Fischer aus gesundheitlichen Gr\u00fcnden zur\u00fcck und ein junger Mann namens\u00a0 Alfred L\u00f6ser \u00fcbernahm mit einem hervorragenden Team und dem 2. Vorsitzenden Stefan Spilok diese Verantwortung\u00a0 fast 20 Jahre lang bis 2005.<br \/>\n<a href=\"https:\/\/www.asc-emmerichshofen.de\/asc\/wp-content\/uploads\/2016\/04\/Schloss3.jpg\" target=\"_blank\" rel=\"noopener noreferrer\"><img decoding=\"async\" loading=\"lazy\" class=\"alignnone wp-image-238 size-full\" src=\"https:\/\/www.asc-emmerichshofen.de\/asc\/wp-content\/uploads\/2016\/04\/Schloss3.jpg\" alt=\"Schloss3\" width=\"1600\" height=\"1067\" srcset=\"https:\/\/www.asc-emmerichshofen.de\/asc\/wp-content\/uploads\/2016\/04\/Schloss3.jpg 1600w, https:\/\/www.asc-emmerichshofen.de\/asc\/wp-content\/uploads\/2016\/04\/Schloss3-300x200.jpg 300w, https:\/\/www.asc-emmerichshofen.de\/asc\/wp-content\/uploads\/2016\/04\/Schloss3-450x300.jpg 450w\" sizes=\"(max-width: 1600px) 100vw, 1600px\" \/><\/a>Danach gab Alfred L\u00f6ser das Amt ab und die Verantwortung in j\u00fcngere H\u00e4nde weiter.<br \/>\nNach eher 2 ungl\u00fccklichen Amtszeiten von zwei folgenden ersten Vorsitzenden<br \/>\n\u00fcbernahm Alfred L\u00f6ser 2009 wieder die Geschicke des Vereins als 1. Vorsitzender mit seinem altem Wegesgef\u00e4hrten Stefan Spilok als 2. Vorsitzender. Im Januar 2013 verlie\u00df der 2. Vorsitzende Stefan Spilok nach \u00fcber 20 Jahren Amtszeit aus eigenen, privaten Gr\u00fcnden den Vorstand. Seit Bestehen des Schlo\u00dfsees befischen die Mitglieder des ASC das knapp 16 Hektar gro\u00dfe Gew\u00e4sser. Die Familie von Waitz, Schlossherren und auch Eigent\u00fcmer des umliegenden Feriengel\u00e4ndes, sind\u00a0 die Verp\u00e4chter unseres\u00a0 sch\u00f6nen Schlo\u00dfsees. Dieser idyllische See hat nicht nur f\u00fcr den passionierten Angler fast schon etwas von einer M\u00e4rchenwelt. Vertr\u00e4umt liegt der See, v\u00f6llig vom Wald umgeben, am malerischen Schloss Emmerichshofen. Im See tummeln sich neben sehr gro\u00dfen Karpfen, kapitale Hechte, Zander und\u00a0 auch Welse \u2013\u00a0 von denen der Eine oder Andere die\u00a0 2,50 m-Marke ansteuert &#8211; und\u00a0 ein guter Wei\u00dffischbestand, nebst Krebsen und Muscheln und vielen anderen kleinen Wasserbewohnern, die auf die hohe Wasserqualit\u00e4t hinweisen.<br \/>\n<a href=\"https:\/\/www.asc-emmerichshofen.de\/asc\/wp-content\/uploads\/2016\/04\/Schloss2.jpg\" target=\"_blank\" rel=\"noopener noreferrer\"><img decoding=\"async\" loading=\"lazy\" class=\"alignnone wp-image-239 size-full\" src=\"https:\/\/www.asc-emmerichshofen.de\/asc\/wp-content\/uploads\/2016\/04\/Schloss2.jpg\" alt=\"Schloss2\" width=\"1600\" height=\"1066\" srcset=\"https:\/\/www.asc-emmerichshofen.de\/asc\/wp-content\/uploads\/2016\/04\/Schloss2.jpg 1600w, https:\/\/www.asc-emmerichshofen.de\/asc\/wp-content\/uploads\/2016\/04\/Schloss2-300x200.jpg 300w, https:\/\/www.asc-emmerichshofen.de\/asc\/wp-content\/uploads\/2016\/04\/Schloss2-450x300.jpg 450w\" sizes=\"(max-width: 1600px) 100vw, 1600px\" \/><\/a><\/p>\n<p>Selbst pr\u00e4chtige St\u00f6re gehen hin und wieder an die Angel. Meist ist es einsam am See \u2013 das bedeutet f\u00fcr den Angler \u201eNatur pur\u201c genie\u00dfen. Auch die Tierwelt auf<br \/>\nund um den See , sowie in der Luft , erfreut den Angler. Die uns hin und wieder f\u00fcr Veranstaltungen\u00a0 zur Verf\u00fcgung stehende historische Tenne von Schloss Emmerichshofen mit unserem integrierten Vereinsheim ist eine stilvolle Heimat f\u00fcr den ASC. F\u00fcr die etwa 100 Mitglieder des ASC bedeutete der See auch immer eine Herausforderung finanzieller Art und \u2013 wie sollte es anders sein \u2013 auch eine Portion Arbeit f\u00fcr Jeden, in jedem Jahr. Viele Anschaffungen wurden\u00a0 im Laufe der Jahre<br \/>\nget\u00e4tigt, sowohl\u00a0 kleine und auch gro\u00dfe. Dazu geh\u00f6ren Steganlagen, Boote, Maschinen, Ger\u00e4te, ein Vereinsheim mit guter Ausstattung f\u00fcr die Veranstaltungen und, und, und\u2026\u2026\u2026.). Die Pacht und Miete, unser<br \/>\n<a href=\"https:\/\/www.asc-emmerichshofen.de\/asc\/wp-content\/uploads\/2016\/04\/Schloss1.jpg\" target=\"_blank\" rel=\"noopener noreferrer\"><img decoding=\"async\" loading=\"lazy\" class=\"alignnone wp-image-240 size-full\" src=\"https:\/\/www.asc-emmerichshofen.de\/asc\/wp-content\/uploads\/2016\/04\/Schloss1.jpg\" alt=\"Schloss1\" width=\"1600\" height=\"1067\" srcset=\"https:\/\/www.asc-emmerichshofen.de\/asc\/wp-content\/uploads\/2016\/04\/Schloss1.jpg 1600w, https:\/\/www.asc-emmerichshofen.de\/asc\/wp-content\/uploads\/2016\/04\/Schloss1-300x200.jpg 300w, https:\/\/www.asc-emmerichshofen.de\/asc\/wp-content\/uploads\/2016\/04\/Schloss1-450x300.jpg 450w\" sizes=\"(max-width: 1600px) 100vw, 1600px\" \/><\/a>Hauptposten auf der Sollseite unseres Kontos und das Geld f\u00fcr die laufenden Kosten m\u00fcssen immer rechtzeitig bereitstehen. Da der Vorstand des ASC immer auf einen zumutbaren Beitragssatz achtete und achtet, war es f\u00fcr ihn und sein Team immer eine Gratwanderung \u2013 allerdings mit gutem Erfolg. Der Verein ist zwar nicht reich, aber er steht auf gesunden F\u00fcssen, solange alle Mitglieder mit Arbeit und auch durch Pr\u00e4senz bei unseren Veranstaltungen dazu beitragen. Der Aufwand f\u00fcr das Mitglied erm\u00f6glicht jedoch immer und weit \u00fcberwiegend das ungest\u00f6rte Angelsportvergn\u00fcgen an unserem wundersch\u00f6nen Gew\u00e4sser.<\/p>\n","protected":false},"excerpt":{"rendered":"<p>Geschichte des Angel Sport Club Emmerichshofen 1974 e.V. Unser Club wurde 1974 von f\u00fcnf Angelsportfreunden unter Federf\u00fchrung von Horst Fischer, dem danach langj\u00e4hrigen 1. Vorsitzenden, gegr\u00fcndet. Nach etlichen Jahren unter dieser Leitung trat Horst Fischer aus gesundheitlichen Gr\u00fcnden zur\u00fcck und &hellip; <a href=\"https:\/\/www.asc-emmerichshofen.de\/asc\/geschichte\/\">Weiterlesen <span class=\"meta-nav\">&rarr;<\/span><\/a><\/p>\n","protected":false},"author":1,"featured_media":0,"parent":0,"menu_order":0,"comment_status":"closed","ping_status":"closed","template":"","meta":{"ngg_post_thumbnail":0,"_links_to":"","_links_to_target":""},"_links":{"self":[{"href":"https:\/\/www.asc-emmerichshofen.de\/asc\/wp-json\/wp\/v2\/pages\/29"}],"collection":[{"href":"https:\/\/www.asc-emmerichshofen.de\/asc\/wp-json\/wp\/v2\/pages"}],"about":[{"href":"https:\/\/www.asc-emmerichshofen.de\/asc\/wp-json\/wp\/v2\/types\/page"}],"author":[{"embeddable":true,"href":"https:\/\/www.asc-emmerichshofen.de\/asc\/wp-json\/wp\/v2\/users\/1"}],"replies":[{"embeddable":true,"href":"https:\/\/www.asc-emmerichshofen.de\/asc\/wp-json\/wp\/v2\/comments?post=29"}],"version-history":[{"count":6,"href":"https:\/\/www.asc-emmerichshofen.de\/asc\/wp-json\/wp\/v2\/pages\/29\/revisions"}],"predecessor-version":[{"id":468,"href":"https:\/\/www.asc-emmerichshofen.de\/asc\/wp-json\/wp\/v2\/pages\/29\/revisions\/468"}],"wp:attachment":[{"href":"https:\/\/www.asc-emmerichshofen.de\/asc\/wp-json\/wp\/v2\/media?parent=29"}],"curies":[{"name":"wp","href":"https:\/\/api.w.org\/{rel}","templated":true}]}}