{"id":63,"date":"2016-04-16T17:54:22","date_gmt":"2016-04-16T15:54:22","guid":{"rendered":"http:\/\/www.asc-emmerichshofen.de\/asc\/?page_id=63"},"modified":"2020-12-14T08:23:45","modified_gmt":"2020-12-14T07:23:45","slug":"startseite","status":"publish","type":"page","link":"https:\/\/www.asc-emmerichshofen.de\/asc\/startseite\/","title":{"rendered":"Startseite"},"content":{"rendered":"<p>Der Schlo\u00dfsee liegt in Bayern, zwischen den St\u00e4dten Alzenau und Kahl am Main, der Sitz des ASC Emmerichshofen ist in Gro\u00dfkrotzenburg. Der See hat 15 ha und liegt sicher eingez\u00e4unt und umgeben von W\u00e4ldern in einem Feriengebiet.<br \/>\nDa in dem Gew\u00e4sser das Baden f\u00fcr die \u00d6ffentlichkeit nicht gestattet ist, kann man das Angeln in aller Sch\u00f6nheit und Ruhe genie\u00dfen.<br \/>\nDer Verein t\u00e4tigt immer wieder neue Anschaffungen, um die M\u00f6glichkeiten f\u00fcr Angler zu verbessern und die Stunden oder Tage am Wasser so angenehm als m\u00f6glich zu gestalten. So wurde das Gel\u00e4nde um den See f\u00fcr den Angler verbessert, die Angelpl\u00e4tze sind alle gut zu erreichen. Es stehen mehr als 10 Vereinsboote und etliche Angelstege am Gew\u00e4sser zur Verf\u00fcgung.<br \/>\nDer ASC hat den See von der Familie von Waitz gepachtet, welche<br \/>\ndie Eigent\u00fcmer des Gew\u00e4ssers und des Feriengebietes sind.<\/p>\n<p><a href=\"https:\/\/www.asc-emmerichshofen.de\/asc\/wp-content\/uploads\/2016\/04\/Dsc00001.jpg\" target=\"_blank\" rel=\"noopener noreferrer\"><img decoding=\"async\" loading=\"lazy\" class=\"alignnone wp-image-81 size-full\" src=\"https:\/\/www.asc-emmerichshofen.de\/asc\/wp-content\/uploads\/2016\/04\/Dsc00001.jpg\" alt=\"Dsc00001\" width=\"1280\" height=\"960\" srcset=\"https:\/\/www.asc-emmerichshofen.de\/asc\/wp-content\/uploads\/2016\/04\/Dsc00001.jpg 1280w, https:\/\/www.asc-emmerichshofen.de\/asc\/wp-content\/uploads\/2016\/04\/Dsc00001-300x225.jpg 300w, https:\/\/www.asc-emmerichshofen.de\/asc\/wp-content\/uploads\/2016\/04\/Dsc00001-400x300.jpg 400w\" sizes=\"(max-width: 1280px) 100vw, 1280px\" \/><\/a><\/p>\n<p>Wir w\u00fcnschen viel Spa\u00df auf unserer Website<br \/>\nF\u00fcr Fragen steht der Angel-Sport-Cub Emmerichshofen e.V. gerne zur Verf\u00fcgung.<br \/>\nSchreiben Sie uns eine E-Mail an asc-info[at]asc-emmerichshofen.de oder rufen Sie\u00a0 uns an unter: ++49 (0)6188 &#8211; 3847<br \/>\nNur samstags,\u00a0 sonntags und an hessischen gesetzlichen Feiertagen, in der Zeit von 9 Uhr bis 16 Uhr<br \/>\n<a href=\"https:\/\/www.asc-emmerichshofen.de\/asc\/wp-content\/uploads\/2016\/04\/schloss-2-1-2.jpg\" target=\"_blank\" rel=\"noopener noreferrer\"><img decoding=\"async\" loading=\"lazy\" class=\"alignnone wp-image-243 size-full\" src=\"https:\/\/www.asc-emmerichshofen.de\/asc\/wp-content\/uploads\/2016\/04\/schloss-2-1-2.jpg\" alt=\"schloss-2-1\" width=\"2048\" height=\"316\" srcset=\"https:\/\/www.asc-emmerichshofen.de\/asc\/wp-content\/uploads\/2016\/04\/schloss-2-1-2.jpg 2048w, https:\/\/www.asc-emmerichshofen.de\/asc\/wp-content\/uploads\/2016\/04\/schloss-2-1-2-300x46.jpg 300w, https:\/\/www.asc-emmerichshofen.de\/asc\/wp-content\/uploads\/2016\/04\/schloss-2-1-2-1600x247.jpg 1600w, https:\/\/www.asc-emmerichshofen.de\/asc\/wp-content\/uploads\/2016\/04\/schloss-2-1-2-500x77.jpg 500w\" sizes=\"(max-width: 2048px) 100vw, 2048px\" \/><\/a><\/p>\n","protected":false},"excerpt":{"rendered":"<p>Der Schlo\u00dfsee liegt in Bayern, zwischen den St\u00e4dten Alzenau und Kahl am Main, der Sitz des ASC Emmerichshofen ist in Gro\u00dfkrotzenburg. Der See hat 15 ha und liegt sicher eingez\u00e4unt und umgeben von W\u00e4ldern in einem Feriengebiet. Da in dem &hellip; <a href=\"https:\/\/www.asc-emmerichshofen.de\/asc\/startseite\/\">Weiterlesen <span class=\"meta-nav\">&rarr;<\/span><\/a><\/p>\n","protected":false},"author":1,"featured_media":0,"parent":0,"menu_order":0,"comment_status":"closed","ping_status":"closed","template":"","meta":{"ngg_post_thumbnail":0,"_links_to":"","_links_to_target":""},"_links":{"self":[{"href":"https:\/\/www.asc-emmerichshofen.de\/asc\/wp-json\/wp\/v2\/pages\/63"}],"collection":[{"href":"https:\/\/www.asc-emmerichshofen.de\/asc\/wp-json\/wp\/v2\/pages"}],"about":[{"href":"https:\/\/www.asc-emmerichshofen.de\/asc\/wp-json\/wp\/v2\/types\/page"}],"author":[{"embeddable":true,"href":"https:\/\/www.asc-emmerichshofen.de\/asc\/wp-json\/wp\/v2\/users\/1"}],"replies":[{"embeddable":true,"href":"https:\/\/www.asc-emmerichshofen.de\/asc\/wp-json\/wp\/v2\/comments?post=63"}],"version-history":[{"count":10,"href":"https:\/\/www.asc-emmerichshofen.de\/asc\/wp-json\/wp\/v2\/pages\/63\/revisions"}],"predecessor-version":[{"id":464,"href":"https:\/\/www.asc-emmerichshofen.de\/asc\/wp-json\/wp\/v2\/pages\/63\/revisions\/464"}],"wp:attachment":[{"href":"https:\/\/www.asc-emmerichshofen.de\/asc\/wp-json\/wp\/v2\/media?parent=63"}],"curies":[{"name":"wp","href":"https:\/\/api.w.org\/{rel}","templated":true}]}}